{"id":6,"date":"2019-05-27T17:34:39","date_gmt":"2019-05-27T15:34:39","guid":{"rendered":"http:\/\/jazzinloc.com\/?page_id=6"},"modified":"2025-05-15T16:22:20","modified_gmt":"2025-05-15T14:22:20","slug":"le-festival","status":"publish","type":"page","link":"https:\/\/jazzinloc.com\/index.php\/le-festival\/","title":{"rendered":"\u00c0 propos de Jazz in Loctudy"},"content":{"rendered":"<p>[et_pb_section fb_built=\u00a0\u00bb1&Prime; _builder_version=\u00a0\u00bb4.17.4&Prime; background_color=\u00a0\u00bbRGBA(255,255,255,0)\u00a0\u00bb use_background_color_gradient=\u00a0\u00bbon\u00a0\u00bb background_color_gradient_stops=\u00a0\u00bb#212729 0%|#100d0f 100%\u00a0\u00bb background_enable_image=\u00a0\u00bboff\u00a0\u00bb background_size=\u00a0\u00bbcontain\u00a0\u00bb background_repeat=\u00a0\u00bbrepeat-y\u00a0\u00bb min_height=\u00a0\u00bb3560.9px\u00a0\u00bb custom_margin=\u00a0\u00bb||||false|false\u00a0\u00bb custom_padding=\u00a0\u00bb50px||0px||false|false\u00a0\u00bb global_colors_info=\u00a0\u00bb{}\u00a0\u00bb][et_pb_row _builder_version=\u00a0\u00bb4.16&Prime; background_color=\u00a0\u00bb#ffffff\u00a0\u00bb min_height=\u00a0\u00bb1692px\u00a0\u00bb custom_margin=\u00a0\u00bb-1px|auto||auto||\u00a0\u00bb custom_padding=\u00a0\u00bb0px|||||\u00a0\u00bb global_colors_info=\u00a0\u00bb{}\u00a0\u00bb][et_pb_column type=\u00a0\u00bb4_4&Prime; _builder_version=\u00a0\u00bb4.16&Prime; custom_padding=\u00a0\u00bb|||\u00a0\u00bb global_colors_info=\u00a0\u00bb{}\u00a0\u00bb custom_padding__hover=\u00a0\u00bb|||\u00a0\u00bb][et_pb_post_title meta=\u00a0\u00bboff\u00a0\u00bb featured_image=\u00a0\u00bboff\u00a0\u00bb _builder_version=\u00a0\u00bb4.17.4&Prime; text_orientation=\u00a0\u00bbcenter\u00a0\u00bb custom_padding=\u00a0\u00bb40px||\u00a0\u00bb global_colors_info=\u00a0\u00bb{}\u00a0\u00bb][\/et_pb_post_title][et_pb_text _builder_version=\u00a0\u00bb4.17.4&Prime; text_font=\u00a0\u00bb||||||||\u00a0\u00bb text_line_height=\u00a0\u00bb1.4em\u00a0\u00bb header_font=\u00a0\u00bb||||||||\u00a0\u00bb header_4_font=\u00a0\u00bbPoppins||||||||\u00a0\u00bb header_5_font=\u00a0\u00bbPoppins|300|||||||\u00a0\u00bb header_5_font_size=\u00a0\u00bb24px\u00a0\u00bb custom_padding=\u00a0\u00bb2px|10%|6px|10%||\u00a0\u00bb global_colors_info=\u00a0\u00bb{}\u00a0\u00bb]<\/p>\n<h5 style=\"text-align: center;\">Lancer un Festival de jazz en pays bigouden : l\u2019id\u00e9e a germ\u00e9 lors d\u2019un diner d\u2019ao\u00fbt 2017. Le nord du Finist\u00e8re avait son festival de jazz \u00e0 Ch\u00e2teauneuf-du-Faou mais rien n\u2019existait dans le sud du pays bigouden.<\/h5>\n<p>&nbsp;<\/p>\n<p>Depuis 2019, au fil des 7 \u00e9ditions pr\u00e9c\u00e9dentes et des 28 concerts, nous avons souhait\u00e9 vous faire voyager au cours des<span style=\"font-size: 18px;\"> 40 ans d\u2019\u00e9volution du Jazz : des origines avec la musique des bateaux \u00e0 roues \u00e0 aube du Mississipi \u00e0 la diaspora de 1917 vers New York et Chicago puis aux apports du jazz \u00ab blanc \u00bb au cours des ann\u00e9es 1920-1925 ; \u00e9closion du Charleston, du Jitterbug, du Lindy Hop.<\/span><\/p>\n<p>Le jazz na\u00eet des \u00c9tats-Unis \u00e0 la Nouvelle-Orl\u00e9ans et est le fruit de la rencontre entre les musiques africaines, les chants afro-am\u00e9ricains, la musique europ\u00e9enne, le blues et le ragtime.<span style=\"font-size: 18px;\"><\/span><\/p>\n<p>Les ann\u00e9es folles mettent le jazz \u00e0 l&rsquo;honneur avec une explosion m\u00e9diatique. Jou\u00e9 dans les clubs et cabarets, le jazz est retransmis \u00e0 la radio et s\u00e9duit une jeunesse avide de nouveaut\u00e9 et de libert\u00e9. Louis Armstrong avec ses solos virtuoses devient une ic\u00f4ne populaire.<\/p>\n<p>Les ann\u00e9es 1930-1940 signent l&rsquo;\u00e2ge d&rsquo;or du swing. Le jazz domine la musique populaire am\u00e9ricaine avec les big bands.\u00a0<\/p>\n<p>L&rsquo;influence du jazz a largement touch\u00e9 tout le r\u00e9pertoire musical du 20e si\u00e8cle et s&rsquo;est \u00e9tendu \u00e0 la pop et \u00e0 la vari\u00e9t\u00e9. Preuve en est Frank Sinatra ou Ella Fitg\u00e9rald ont m\u00eal\u00e9 chanson jazz et chansons avec \u00e9l\u00e9gance, mais aussi Nora Jones qui perp\u00e9tue cette tradition jazz-pop aujourd&rsquo;hui.\u00a0<\/p>\n<p>Dans les ann\u00e9es 1960-1970, de nombreux groupes de rock s&rsquo;inspirent du jazz comme les Pink Floyd ou Jimi Hendrix.\u00a0<\/p>\n<p>Le jazz apporte aussi une richesse sur le soul et le funk avec des artistes comme Ray Charles, Aretha Franklin ou Stevie Wonder.<\/p>\n<p>Le hip-hop s&rsquo;est aussi inspir\u00e9 de l&rsquo;esprit du jazz et de son sens de l&rsquo;improvisation avec Kendrick Lamar.<\/p>\n<p>Nous sommes heureux de vous le faire d\u00e9couvrir sous toutes ses facettes car il est la colonne vert\u00e9brale invisible de nombreux courants populaires. Il a diffus\u00e9 son langage musical, son art de l&rsquo;improvisation et son esprit de libert\u00e9 dans presque tous les genres modernes.<\/p>\n<p><span style=\"font-size: 18px;\"><\/span><\/p>\n<p><img loading=\"lazy\" src=\"http:\/\/jazzinloc.com\/wp-content\/uploads\/2021\/06\/lefestival.jpg\" alt=\"\" class=\"wp-image-480 aligncenter size-full\" width=\"797\" height=\"531\" srcset=\"https:\/\/jazzinloc.com\/wp-content\/uploads\/2021\/06\/lefestival.jpg 797w, https:\/\/jazzinloc.com\/wp-content\/uploads\/2021\/06\/lefestival-300x200.jpg 300w, https:\/\/jazzinloc.com\/wp-content\/uploads\/2021\/06\/lefestival-768x512.jpg 768w\" sizes=\"(max-width: 797px) 100vw, 797px\" \/><\/p>\n<p>Nous avons voulu pour cette \u00c9dition 2025 vous offrir une soir\u00e9e exceptionnelle dans l&rsquo;esprit du jazz. Elle sera festive, conviviale et familiale :<\/p>\n<p><strong>Le vendredi 8 ao\u00fbt<\/strong><\/p>\n<p>18h30 : Ap\u00e9ro Jazz avec des artistes locaux et une buvette.<\/p>\n<p>21h : \u00a0Un concert exceptionnel du duo virtuose Rhythm on Fire avec Aur\u00e9lien Lehmann et Pierre-Yves Plat.<\/p>\n<p><strong>Le samedi <\/strong><strong> 9 ao\u00fbt<\/strong> : Une masterclass de claquettes pour les enfants anim\u00e9e par Aur\u00e9lien Lehmann, claquettiste virtuose de renomm\u00e9e internationale.<\/p>\n<p><img loading=\"lazy\" src=\"http:\/\/jazzinloc.com\/wp-content\/uploads\/2021\/06\/lefestival-2.jpg\" alt=\"\" class=\"wp-image-479 aligncenter size-full\" width=\"876\" height=\"675\" srcset=\"https:\/\/jazzinloc.com\/wp-content\/uploads\/2021\/06\/lefestival-2.jpg 876w, https:\/\/jazzinloc.com\/wp-content\/uploads\/2021\/06\/lefestival-2-300x231.jpg 300w, https:\/\/jazzinloc.com\/wp-content\/uploads\/2021\/06\/lefestival-2-768x592.jpg 768w\" sizes=\"(max-width: 876px) 100vw, 876px\" \/><\/p>\n<p>&nbsp;<\/p>\n<p>[\/et_pb_text][et_pb_button button_url=\u00a0\u00bbhttp:\/\/jazzinloc.com\/index.php\/programmation\/\u00a0\u00bb button_text=\u00a0\u00bbD\u00e9couvrez la programmation de l&rsquo;\u00e9dition 2025&Prime; button_alignment=\u00a0\u00bbcenter\u00a0\u00bb _builder_version=\u00a0\u00bb4.17.4&Prime; custom_button=\u00a0\u00bbon\u00a0\u00bb button_text_size=\u00a0\u00bb22px\u00a0\u00bb button_text_color=\u00a0\u00bb#ffffff\u00a0\u00bb button_bg_color=\u00a0\u00bb#D3458A\u00a0\u00bb button_border_width=\u00a0\u00bb0px\u00a0\u00bb button_border_radius=\u00a0\u00bb8px\u00a0\u00bb button_font=\u00a0\u00bb|700|||||||\u00a0\u00bb button_icon=\u00a0\u00bb&#xe08e;||divi||400&Prime; button_on_hover=\u00a0\u00bboff\u00a0\u00bb custom_margin=\u00a0\u00bb15px||\u00a0\u00bb global_colors_info=\u00a0\u00bb{}\u00a0\u00bb][\/et_pb_button][et_pb_divider divider_style=\u00a0\u00bbdotted\u00a0\u00bb divider_weight=\u00a0\u00bb3px\u00a0\u00bb _builder_version=\u00a0\u00bb4.16&Prime; min_height=\u00a0\u00bb1px\u00a0\u00bb custom_margin=\u00a0\u00bb30px||\u00a0\u00bb custom_padding=\u00a0\u00bb|30px||30px\u00a0\u00bb global_colors_info=\u00a0\u00bb{}\u00a0\u00bb][\/et_pb_divider][et_pb_text _builder_version=\u00a0\u00bb4.17.4&Prime; text_font=\u00a0\u00bb||||||||\u00a0\u00bb text_line_height=\u00a0\u00bb1.4em\u00a0\u00bb header_font=\u00a0\u00bb||||||||\u00a0\u00bb header_4_font=\u00a0\u00bbPoppins||||||||\u00a0\u00bb header_5_font=\u00a0\u00bbPoppins|300|||||||\u00a0\u00bb header_5_font_size=\u00a0\u00bb24px\u00a0\u00bb custom_margin=\u00a0\u00bb||32px|||\u00a0\u00bb custom_padding=\u00a0\u00bb2px|10%|6px|10%||\u00a0\u00bb global_colors_info=\u00a0\u00bb{}\u00a0\u00bb]<\/p>\n<p>&nbsp;<\/p>\n<h5 style=\"text-align: center;\"><strong>C\u2019est cette belle histoire musicale que Jazz in Loctudy a l\u2019ambition de c\u00e9l\u00e9brer chaque \u00e9t\u00e9 au travers des concerts pr\u00e9vus.<\/strong><\/h5>\n<p>[\/et_pb_text][\/et_pb_column][\/et_pb_row][\/et_pb_section]<\/p>\n","protected":false},"excerpt":{"rendered":"<p>Lancer un Festival de jazz en pays bigouden : l\u2019id\u00e9e a germ\u00e9 lors d\u2019un diner d\u2019ao\u00fbt 2017. Le nord du Finist\u00e8re avait son festival de jazz \u00e0 Ch\u00e2teauneuf-du-Faou mais rien n\u2019existait dans le sud du pays bigouden. &nbsp; Depuis 2019, au fil des 7 \u00e9ditions pr\u00e9c\u00e9dentes et des 28 concerts, nous avons souhait\u00e9 vous faire [&hellip;]<\/p>\n","protected":false},"author":1,"featured_media":0,"parent":0,"menu_order":0,"comment_status":"closed","ping_status":"closed","template":"","meta":{"_et_pb_use_builder":"on","_et_pb_old_content":"<!-- wp:heading -->\n<h2>Et c\u2019est parti pour l\u2019Edition 2019 ! <\/h2>\n<!-- \/wp:heading -->\n\n<!-- wp:paragraph -->\n<p>Lancer un Festival de jazz \u00e0 Loctudy : l\u2019id\u00e9e en a germ\u00e9 lors d\u2019un diner bien arros\u00e9 d\u2019ao\u00fbt 2017. Le nord du Finist\u00e8re avait son festival de jazz \u00e0 Ch\u00e2teauneuf du Faou mais rien n\u2019existait dans le sud du pays bigouden, \u00e0 l\u2019exception de Snapp Jazz qui a d\u00e9marr\u00e9 \u00e0 Pont l\u2019Abb\u00e9 ce m\u00eame \u00e9t\u00e9 2017<br> mais sur un tout autre format. A Loctudy donc, existait depuis deux ou trois ans Rock in Loc, un festival ouvert et g\u00e9n\u00e9reux pour les amateurs de rock. Alors, pourquoi pas cr\u00e9er Jazz in Loc pour que les amateurs de jazz<br> traditionnel puissent swinguer quelques soir\u00e9es au mitan de l\u2019\u00e9t\u00e9 <\/p>\n<!-- \/wp:paragraph -->\n\n<!-- wp:paragraph -->\n<p> La particularit\u00e9 de Jazz in Loc, c\u2019est aussi d\u2019organiser les concerts en plein air (qui a dit que c\u2019\u00e9tait une gageure en Bretagne ?) dans le parc de ch\u00e2teaux et de manoirs de Loctudy ou de ses environs. Ces parcs discrets, qu\u2019on entrevoit au d\u00e9tour d\u2019un chemin creux ou au travers d\u2019une grille d\u2019entr\u00e9e, sont les r\u00e9ceptacles naturels pour ces soir\u00e9es o\u00f9 les notes s\u2019envolent, joyeuses ou m\u00e9lancoliques jusqu\u2019aux frondaisons<\/p>\n<!-- \/wp:paragraph -->\n\n<!-- wp:paragraph -->\n<p>En p\u00e9riode estivale, il existe sur Loctudy en particulier et sur le pays bigouden plus g\u00e9n\u00e9ralement un \u00ab r\u00e9servoir \u00bb d\u2019auditeurs latents qui attendent qu\u2019une offre musicale, actuellement tr\u00e8s faible sur<br> ce registre, vienne enrichir leurs vacances.<\/p>\n<!-- \/wp:paragraph -->\n\n<!-- wp:paragraph -->\n<p>Force est en effet de constater un d\u00e9ficit en \u00e9v\u00e8nements musicaux, tant en pays bigouden qu\u2019en pays fouesnantais. Ceci est d\u00fb \u00e0 la raret\u00e9 des initiatives en la mati\u00e8re. Celles-ci existent n\u00e9anmoins mais sont souvent cantonn\u00e9es \u00e0 la musique celtique (dont le Festival Inter celtique de Lorient est la manifestation phare) ou aux musiques dites \u00ab du Monde \u00bb, port\u00e9es par le vecteur de la diversit\u00e9 et du m\u00e9tissage (dont les Vieilles Charrues \u00e0 Carhaix sont la figure embl\u00e9matique)<\/p>\n<!-- \/wp:paragraph -->\n\n<!-- wp:paragraph -->\n<p>L\u2019offre, \u00e0 l\u2019\u00e9vidence, rencontre une forte demande en mati\u00e8re culturelle et \u2013 singuli\u00e8rement \u2013 musicale. En t\u00e9moigne le grand succ\u00e8s de la 1 \u00e8re \u00e9dition de Jazz in Loc qui s\u2019est d\u00e9roul\u00e9 du 3 au 5 ao\u00fbt 2018 dans 3 manoirs de loctudy. Sur ces trois soirs, pas moins de 850 spectateurs ont assist\u00e9 aux concerts de 3 Groupes (Les Crazy Cats \/ le One More Time Jazz Band\/ Jelly Bump). Le ciel \u00e9tait de la partie avec trois belles soir\u00e9es douces, ensoleill\u00e9es puis \u00e9toil\u00e9es !<\/p>\n<!-- \/wp:paragraph -->\n\n<!-- wp:image {\"id\":9,\"align\":\"center\"} -->\n<div class=\"wp-block-image\"><figure class=\"aligncenter\"><img src=\"http:\/\/jazzinloc.com\/wp-content\/uploads\/2019\/04\/jazz-in-loc-01.png\" alt=\"\" class=\"wp-image-9\"\/><\/figure><\/div>\n<!-- \/wp:image -->\n\n<!-- wp:paragraph -->\n<p>Pour ses organisateurs, Jazz in Loc a vocation \u00e0 devenir le Marciac du pays bigouden mais un Marciac \u00e9clat\u00e9 multiple, vibrionnant, avec des groupes, chaque ann\u00e9e plus nombreux, jouant dans des registres toujours plus diversifi\u00e9s et dans les lieux les plus vari\u00e9s et les plus inattendus dont certains, riches d\u2019histoire, ne seront accessibles au public qu\u2019\u00e0 cette occasion&nbsp;! A terme, Jazz in Loc sera-t-il au Jazz ce qu\u2019Avignon Off est au th\u00e9\u00e2tre&nbsp;? C\u2019est notre v\u0153u le plus secret mais le plus cher. <\/p>\n<!-- \/wp:paragraph -->","_et_gb_content_width":""},"_links":{"self":[{"href":"https:\/\/jazzinloc.com\/index.php\/wp-json\/wp\/v2\/pages\/6"}],"collection":[{"href":"https:\/\/jazzinloc.com\/index.php\/wp-json\/wp\/v2\/pages"}],"about":[{"href":"https:\/\/jazzinloc.com\/index.php\/wp-json\/wp\/v2\/types\/page"}],"author":[{"embeddable":true,"href":"https:\/\/jazzinloc.com\/index.php\/wp-json\/wp\/v2\/users\/1"}],"replies":[{"embeddable":true,"href":"https:\/\/jazzinloc.com\/index.php\/wp-json\/wp\/v2\/comments?post=6"}],"version-history":[{"count":40,"href":"https:\/\/jazzinloc.com\/index.php\/wp-json\/wp\/v2\/pages\/6\/revisions"}],"predecessor-version":[{"id":1291,"href":"https:\/\/jazzinloc.com\/index.php\/wp-json\/wp\/v2\/pages\/6\/revisions\/1291"}],"wp:attachment":[{"href":"https:\/\/jazzinloc.com\/index.php\/wp-json\/wp\/v2\/media?parent=6"}],"curies":[{"name":"wp","href":"https:\/\/api.w.org\/{rel}","templated":true}]}}