{"id":248,"date":"2019-05-27T16:52:34","date_gmt":"2019-05-27T14:52:34","guid":{"rendered":"http:\/\/jazzinloc.com\/?page_id=248"},"modified":"2025-08-12T11:54:51","modified_gmt":"2025-08-12T09:54:51","slug":"infos-pratiques","status":"publish","type":"page","link":"https:\/\/jazzinloc.com\/index.php\/infos-pratiques\/","title":{"rendered":"Infos pratiques"},"content":{"rendered":"<p>[et_pb_section fb_built=\u00a0\u00bb1&Prime; _builder_version=\u00a0\u00bb4.17.4&Prime; background_color=\u00a0\u00bb#262A54&Prime; use_background_color_gradient=\u00a0\u00bbon\u00a0\u00bb background_color_gradient_stops=\u00a0\u00bb#212729 0%|#100d0f 100%\u00a0\u00bb custom_padding=\u00a0\u00bb0px|||||\u00a0\u00bb global_colors_info=\u00a0\u00bb{}\u00a0\u00bb][et_pb_row _builder_version=\u00a0\u00bb4.16&Prime; min_height=\u00a0\u00bb44px\u00a0\u00bb custom_padding=\u00a0\u00bb0px||0px|||\u00a0\u00bb global_colors_info=\u00a0\u00bb{}\u00a0\u00bb][et_pb_column type=\u00a0\u00bb4_4&Prime; _builder_version=\u00a0\u00bb4.16&Prime; custom_padding=\u00a0\u00bb|||\u00a0\u00bb global_colors_info=\u00a0\u00bb{}\u00a0\u00bb custom_padding__hover=\u00a0\u00bb|||\u00a0\u00bb][\/et_pb_column][\/et_pb_row][et_pb_row _builder_version=\u00a0\u00bb4.17.4&Prime; background_color=\u00a0\u00bb#DF7C3F\u00a0\u00bb custom_margin=\u00a0\u00bb|auto|30px|auto|false|false\u00a0\u00bb custom_padding=\u00a0\u00bb||||false|false\u00a0\u00bb global_module=\u00a0\u00bb896&Prime; saved_tabs=\u00a0\u00bball\u00a0\u00bb global_colors_info=\u00a0\u00bb{}\u00a0\u00bb][et_pb_column type=\u00a0\u00bb4_4&Prime; _builder_version=\u00a0\u00bb4.16&Prime; custom_padding=\u00a0\u00bb|||\u00a0\u00bb global_colors_info=\u00a0\u00bb{}\u00a0\u00bb custom_padding__hover=\u00a0\u00bb|||\u00a0\u00bb][et_pb_text _builder_version=\u00a0\u00bb4.17.4&Prime; text_font=\u00a0\u00bb||||||||\u00a0\u00bb text_text_color=\u00a0\u00bb#ffffff\u00a0\u00bb text_font_size=\u00a0\u00bb15px\u00a0\u00bb background_color=\u00a0\u00bb#DF7C3F\u00a0\u00bb min_height=\u00a0\u00bb1.8px\u00a0\u00bb custom_margin=\u00a0\u00bb|11px||10px||\u00a0\u00bb custom_padding=\u00a0\u00bb||10px|||\u00a0\u00bb global_colors_info=\u00a0\u00bb{}\u00a0\u00bb]<\/p>\n<p style=\"text-align: center;\"><strong>IMPORTANT<\/strong><span> En cas de mauvaises conditions m\u00e9t\u00e9o, les concerts sont rapatri\u00e9s au Centre Culturel de Loctudy (Hent ar Poull Gleu Vihan). Le changement de lieu est indiqu\u00e9 par une alerte le jour du concert avant 10h30 sur jazzinloctudy.com<br \/><\/span><\/p>\n<p>[\/et_pb_text][\/et_pb_column][\/et_pb_row][et_pb_row _builder_version=\u00a0\u00bb4.16&Prime; min_height=\u00a0\u00bb97px\u00a0\u00bb custom_padding=\u00a0\u00bb0px|||||\u00a0\u00bb global_colors_info=\u00a0\u00bb{}\u00a0\u00bb][et_pb_column type=\u00a0\u00bb4_4&Prime; _builder_version=\u00a0\u00bb4.16&Prime; custom_padding=\u00a0\u00bb|||\u00a0\u00bb global_colors_info=\u00a0\u00bb{}\u00a0\u00bb custom_padding__hover=\u00a0\u00bb|||\u00a0\u00bb][et_pb_post_title meta=\u00a0\u00bboff\u00a0\u00bb featured_image=\u00a0\u00bboff\u00a0\u00bb _builder_version=\u00a0\u00bb4.17.4&Prime; title_font=\u00a0\u00bb||||||||\u00a0\u00bb title_text_color=\u00a0\u00bb#DD7158&Prime; text_orientation=\u00a0\u00bbcenter\u00a0\u00bb custom_margin=\u00a0\u00bb21px|||||\u00a0\u00bb global_colors_info=\u00a0\u00bb{}\u00a0\u00bb][\/et_pb_post_title][\/et_pb_column][\/et_pb_row][et_pb_row column_structure=\u00a0\u00bb1_2,1_2&Prime; _builder_version=\u00a0\u00bb4.17.4&Prime; global_colors_info=\u00a0\u00bb{}\u00a0\u00bb][et_pb_column type=\u00a0\u00bb1_2&Prime; _builder_version=\u00a0\u00bb4.16&Prime; custom_padding=\u00a0\u00bb|||\u00a0\u00bb global_colors_info=\u00a0\u00bb{}\u00a0\u00bb custom_padding__hover=\u00a0\u00bb|||\u00a0\u00bb][et_pb_text _builder_version=\u00a0\u00bb4.17.4&Prime; _module_preset=\u00a0\u00bbdefault\u00a0\u00bb text_text_color=\u00a0\u00bb#FFFFFF\u00a0\u00bb text_line_height=\u00a0\u00bb1.3em\u00a0\u00bb header_5_text_color=\u00a0\u00bb#F7DA55&Prime; global_colors_info=\u00a0\u00bb{}\u00a0\u00bb]<\/p>\n<h5><span><strong>Adresse<\/strong><\/span><\/h5>\n<p><span>Manoir de MoorBraz<br \/>21 rue du Phare \u00e0 Loctudy<\/span><\/p>\n<h5><span><strong>Parking<\/strong><\/span><\/h5>\n<p><span>Voiture : Parking de Langoz derri\u00e8re le CNL, puis le chemin vers le festival sera fl\u00e9ch\u00e9<br \/><\/span><span>V\u00e9los : devant le square Louise Coupa<\/span><strong><\/strong><\/p>\n<h5><strong>Restauration sur place<\/strong><\/h5>\n<p>Un service de petite restauration compos\u00e9 de planches de charcuterie et de kouigns sera disponible sur place d\u00e8s 18h30 lors de l&rsquo;ap\u00e9ro jazz et du concert.<\/p>\n<p>R\u00e9servations possibles en avance avec paiement sur place en esp\u00e8ces.<\/p>\n<p>[\/et_pb_text][\/et_pb_column][et_pb_column type=\u00a0\u00bb1_2&Prime; _builder_version=\u00a0\u00bb4.16&Prime; custom_padding=\u00a0\u00bb|||\u00a0\u00bb global_colors_info=\u00a0\u00bb{}\u00a0\u00bb custom_padding__hover=\u00a0\u00bb|||\u00a0\u00bb][et_pb_text _builder_version=\u00a0\u00bb4.17.4&Prime; text_font=\u00a0\u00bb||||||||\u00a0\u00bb text_text_color=\u00a0\u00bb#ffffff\u00a0\u00bb text_line_height=\u00a0\u00bb1.4em\u00a0\u00bb header_5_text_color=\u00a0\u00bb#F7DA55&Prime; global_colors_info=\u00a0\u00bb{}\u00a0\u00bb]<\/p>\n<h5>Pour votre confort<\/h5>\n<p>N&rsquo;h\u00e9sitez pas \u00e0 venir avec votre chaise pliante : Seulement 350 chaises sont install\u00e9es et, les ann\u00e9es pass\u00e9es, il y a eu entre 500 et 900 personnes par concert.<\/p>\n<h5>Photos<\/h5>\n<p>Consultez les premi\u00e8res photos des concerts en quasi direct sur la page Facebook et <a href=\"https:\/\/www.instagram.com\/jazzinloctudy\/\">Instagram<\/a> de Jazz in Loctudy.<\/p>\n<p>Retrouvez l&rsquo;int\u00e9gralit\u00e9 des photos \u00e0 partir du <strong>lundi 11 ao\u00fbt<\/strong> sur le site <a href=\"http:\/\/loctudy.event.free.fr\">en suivant ce lien<\/a>.<\/p>\n<p>&nbsp;<\/p>\n<p style=\"text-align: center;\"><strong><\/strong><\/p>\n<p>[\/et_pb_text][\/et_pb_column][\/et_pb_row][et_pb_row _builder_version=\u00a0\u00bb4.17.4&Prime; custom_padding=\u00a0\u00bb70px|||||\u00a0\u00bb global_colors_info=\u00a0\u00bb{}\u00a0\u00bb][et_pb_column type=\u00a0\u00bb4_4&Prime; _builder_version=\u00a0\u00bb4.16&Prime; custom_padding=\u00a0\u00bb|||\u00a0\u00bb global_colors_info=\u00a0\u00bb{}\u00a0\u00bb custom_padding__hover=\u00a0\u00bb|||\u00a0\u00bb][et_pb_button button_url=\u00a0\u00bbhttps:\/\/kouignofjazz.mozello.shop\/\u00a0\u00bb button_text=\u00a0\u00bbJe r\u00e9serve\u00a0\u00bb button_alignment=\u00a0\u00bbcenter\u00a0\u00bb _builder_version=\u00a0\u00bb4.17.4&Prime; _module_preset=\u00a0\u00bbdefault\u00a0\u00bb custom_button=\u00a0\u00bbon\u00a0\u00bb button_text_color=\u00a0\u00bb#FFFFFF\u00a0\u00bb button_bg_color=\u00a0\u00bb#D3458A\u00a0\u00bb button_border_color=\u00a0\u00bbRGBA(255,255,255,0)\u00a0\u00bb button_border_radius=\u00a0\u00bb10px\u00a0\u00bb custom_margin=\u00a0\u00bb||83px||false|false\u00a0\u00bb global_colors_info=\u00a0\u00bb{}\u00a0\u00bb][\/et_pb_button][\/et_pb_column][\/et_pb_row][\/et_pb_section]<\/p>\n","protected":false},"excerpt":{"rendered":"<p>IMPORTANT En cas de mauvaises conditions m\u00e9t\u00e9o, les concerts sont rapatri\u00e9s au Centre Culturel de Loctudy (Hent ar Poull Gleu Vihan). Le changement de lieu est indiqu\u00e9 par une alerte le jour du concert avant 10h30 sur jazzinloctudy.comAdresse Manoir de MoorBraz21 rue du Phare \u00e0 Loctudy Parking Voiture : Parking de Langoz derri\u00e8re le CNL, [&hellip;]<\/p>\n","protected":false},"author":1,"featured_media":0,"parent":0,"menu_order":0,"comment_status":"closed","ping_status":"closed","template":"","meta":{"_et_pb_use_builder":"on","_et_pb_old_content":"","_et_gb_content_width":""},"_links":{"self":[{"href":"https:\/\/jazzinloc.com\/index.php\/wp-json\/wp\/v2\/pages\/248"}],"collection":[{"href":"https:\/\/jazzinloc.com\/index.php\/wp-json\/wp\/v2\/pages"}],"about":[{"href":"https:\/\/jazzinloc.com\/index.php\/wp-json\/wp\/v2\/types\/page"}],"author":[{"embeddable":true,"href":"https:\/\/jazzinloc.com\/index.php\/wp-json\/wp\/v2\/users\/1"}],"replies":[{"embeddable":true,"href":"https:\/\/jazzinloc.com\/index.php\/wp-json\/wp\/v2\/comments?post=248"}],"version-history":[{"count":64,"href":"https:\/\/jazzinloc.com\/index.php\/wp-json\/wp\/v2\/pages\/248\/revisions"}],"predecessor-version":[{"id":1307,"href":"https:\/\/jazzinloc.com\/index.php\/wp-json\/wp\/v2\/pages\/248\/revisions\/1307"}],"wp:attachment":[{"href":"https:\/\/jazzinloc.com\/index.php\/wp-json\/wp\/v2\/media?parent=248"}],"curies":[{"name":"wp","href":"https:\/\/api.w.org\/{rel}","templated":true}]}}