{"id":1368,"date":"2026-05-15T15:08:18","date_gmt":"2026-05-15T13:08:18","guid":{"rendered":"https:\/\/jazzinloc.com\/?page_id=1368"},"modified":"2026-05-15T17:23:01","modified_gmt":"2026-05-15T15:23:01","slug":"1368-2","status":"publish","type":"page","link":"https:\/\/jazzinloc.com\/index.php\/1368-2\/","title":{"rendered":"Nos partenaires"},"content":{"rendered":"<p>[et_pb_section fb_built=\u00a0\u00bb1&Prime; _builder_version=\u00a0\u00bb4.17.4&Prime; _module_preset=\u00a0\u00bbdefault\u00a0\u00bb background_color=\u00a0\u00bb#212729&Prime; global_colors_info=\u00a0\u00bb{}\u00a0\u00bb][et_pb_row _builder_version=\u00a0\u00bb4.17.4&Prime; _module_preset=\u00a0\u00bbdefault\u00a0\u00bb global_colors_info=\u00a0\u00bb{}\u00a0\u00bb][et_pb_column type=\u00a0\u00bb4_4&Prime; _builder_version=\u00a0\u00bb4.17.4&Prime; _module_preset=\u00a0\u00bbdefault\u00a0\u00bb global_colors_info=\u00a0\u00bb{}\u00a0\u00bb][et_pb_text _builder_version=\u00a0\u00bb4.17.4&Prime; _module_preset=\u00a0\u00bbdefault\u00a0\u00bb text_text_color=\u00a0\u00bb#D3458A\u00a0\u00bb text_font_size=\u00a0\u00bb48px\u00a0\u00bb text_line_height=\u00a0\u00bb1.2em\u00a0\u00bb text_orientation=\u00a0\u00bbcenter\u00a0\u00bb global_colors_info=\u00a0\u00bb{}\u00a0\u00bb]<\/p>\n<p><strong>Les partenaires du festival<\/strong><\/p>\n<p>[\/et_pb_text][\/et_pb_column][\/et_pb_row][et_pb_row column_structure=\u00a0\u00bb1_2,1_2&Prime; _builder_version=\u00a0\u00bb4.17.4&Prime; _module_preset=\u00a0\u00bbdefault\u00a0\u00bb global_colors_info=\u00a0\u00bb{}\u00a0\u00bb][et_pb_column type=\u00a0\u00bb1_2&Prime; _builder_version=\u00a0\u00bb4.17.4&Prime; _module_preset=\u00a0\u00bbdefault\u00a0\u00bb global_colors_info=\u00a0\u00bb{}\u00a0\u00bb][et_pb_text _builder_version=\u00a0\u00bb4.17.4&Prime; _module_preset=\u00a0\u00bbdefault\u00a0\u00bb text_text_color=\u00a0\u00bb#D3458A\u00a0\u00bb text_font_size=\u00a0\u00bb39px\u00a0\u00bb global_colors_info=\u00a0\u00bb{}\u00a0\u00bb]<\/p>\n<p>[\/et_pb_text][et_pb_text _builder_version=\u00a0\u00bb4.17.4&Prime; _module_preset=\u00a0\u00bbdefault\u00a0\u00bb text_text_color=\u00a0\u00bb#FFFFFF\u00a0\u00bb text_font_size=\u00a0\u00bb20px\u00a0\u00bb text_line_height=\u00a0\u00bb1.3em\u00a0\u00bb width=\u00a0\u00bb100%\u00a0\u00bb max_width=\u00a0\u00bb100%\u00a0\u00bb custom_margin=\u00a0\u00bb||0px||false|false\u00a0\u00bb border_radii=\u00a0\u00bbon|9px|9px|9px|9px\u00a0\u00bb global_colors_info=\u00a0\u00bb{}\u00a0\u00bb]<\/p>\n<p><span style=\"font-size: 20px;\">Le festival <\/span><em style=\"font-size: 20px;\"><strong>Jazz in Loctudy<\/strong><\/em><span style=\"font-size: 20px;\">\u00a0prend aujourd\u2019hui pleinement son envol.<\/span><br \/><span><\/span><\/p>\n<p><span>Ce qui n\u2019\u00e9tait au de\u0301part qu\u2019une envie partag\u00e9e, est devenu un rendez-vous attendu, port\u00e9 par une \u00e9nergie collective et un v\u00e9ritable ancrage local.<\/span><\/p>\n<p><span><\/span><\/p>\n<p><span>Ce d\u00e9veloppement n\u2019aurait pas \u00e9t\u00e9 possible sans le soutien fid\u00e8le de <strong>nos partenaires locaux<\/strong> et <strong>notre partenaire artistique<\/strong>.<\/span><\/p>\n<p>[\/et_pb_text][\/et_pb_column][et_pb_column type=\u00a0\u00bb1_2&Prime; _builder_version=\u00a0\u00bb4.17.4&Prime; _module_preset=\u00a0\u00bbdefault\u00a0\u00bb global_colors_info=\u00a0\u00bb{}\u00a0\u00bb][et_pb_image src=\u00a0\u00bbhttp:\/\/jazzinloc.com\/wp-content\/uploads\/2023\/04\/jazzinloc_visuels_2023-02.png\u00a0\u00bb title_text=\u00a0\u00bbjazzinloc_visuels_2023-02&Prime; _builder_version=\u00a0\u00bb4.17.4&Prime; _module_preset=\u00a0\u00bbdefault\u00a0\u00bb global_colors_info=\u00a0\u00bb{}\u00a0\u00bb][\/et_pb_image][\/et_pb_column][\/et_pb_row][et_pb_row column_structure=\u00a0\u00bb1_2,1_2&Prime; _builder_version=\u00a0\u00bb4.17.4&Prime; _module_preset=\u00a0\u00bbdefault\u00a0\u00bb hover_enabled=\u00a0\u00bb0&Prime; global_colors_info=\u00a0\u00bb{}\u00a0\u00bb sticky_enabled=\u00a0\u00bb0&Prime;][et_pb_column type=\u00a0\u00bb1_2&Prime; _builder_version=\u00a0\u00bb4.17.4&Prime; _module_preset=\u00a0\u00bbdefault\u00a0\u00bb global_colors_info=\u00a0\u00bb{}\u00a0\u00bb][et_pb_video src=\u00a0\u00bbhttps:\/\/www.youtube.com\/watch?v=pKPO8Krolyg\u00a0\u00bb src_webm=\u00a0\u00bbhttps:\/\/www.youtube.com\/watch?v=pKPO8Krolyg\u00a0\u00bb image_src=\u00a0\u00bbhttp:\/\/jazzinloc.com\/wp-content\/uploads\/2026\/05\/Capture-decran-2026-04-30-a-18.47.44-e1778855968801.png\u00a0\u00bb _builder_version=\u00a0\u00bb4.17.4&Prime; _module_preset=\u00a0\u00bbdefault\u00a0\u00bb hover_enabled=\u00a0\u00bb0&Prime; global_colors_info=\u00a0\u00bb{}\u00a0\u00bb src__hover_enabled=\u00a0\u00bbon|hover\u00a0\u00bb src__hover=\u00a0\u00bbhttps:\/\/www.youtube.com\/watch?v=pKPO8Krolyg\u00a0\u00bb title_text=\u00a0\u00bbCapture d\u2019\u00e9cran 2026-04-30 \u00e0 18.47.44&Prime; sticky_enabled=\u00a0\u00bb0&Prime;][\/et_pb_video][\/et_pb_column][et_pb_column type=\u00a0\u00bb1_2&Prime; _builder_version=\u00a0\u00bb4.17.4&Prime; _module_preset=\u00a0\u00bbdefault\u00a0\u00bb global_colors_info=\u00a0\u00bb{}\u00a0\u00bb][et_pb_video _builder_version=\u00a0\u00bb4.17.4&Prime; _module_preset=\u00a0\u00bbdefault\u00a0\u00bb global_colors_info=\u00a0\u00bb{}\u00a0\u00bb src__hover_enabled=\u00a0\u00bboff|desktop\u00a0\u00bb][\/et_pb_video][et_pb_text _builder_version=\u00a0\u00bb4.17.4&Prime; _module_preset=\u00a0\u00bbdefault\u00a0\u00bb text_text_color=\u00a0\u00bb#F7DA55&Prime; text_font_size=\u00a0\u00bb33px\u00a0\u00bb custom_padding=\u00a0\u00bb1px||1px|||\u00a0\u00bb global_colors_info=\u00a0\u00bb{}\u00a0\u00bb]<\/p>\n<p><strong>Nos partenaires locaux<\/strong><\/p>\n<p>[\/et_pb_text][et_pb_text _builder_version=\u00a0\u00bb4.17.4&Prime; _module_preset=\u00a0\u00bbdefault\u00a0\u00bb text_text_color=\u00a0\u00bb#FFFFFF\u00a0\u00bb text_font_size=\u00a0\u00bb20px\u00a0\u00bb custom_padding=\u00a0\u00bb||1px|||\u00a0\u00bb global_colors_info=\u00a0\u00bb{}\u00a0\u00bb]<\/p>\n<p>&nbsp;<\/p>\n<p>Depuis le d\u00e9but, <span style=\"color: #d3458a;\"><span style=\"color: #ffffff;\">le<\/span><strong>\u00a0Cr\u00e9dit Mutuel de Bretagne<\/strong>\u00a0<\/span>accompagne le festival avec constance et confiance :<\/p>\n<p><em>\u201cAu Cr\u00e9dit Mutuel de Bretagne, nous avons \u00e0 c\u0153ur de faire vivre la Bretagne et les bretons autour de passions partag\u00e9es. Nous nouons ainsi des partenariats associatifs, culturels et sportifs afin d&rsquo;accompagner les initiatives locales. En tant que partenaire majeur, nous sommes fiers de soutenir la nouvelle \u00e9dition de Jazz in Loctudy, un \u00e9v\u00e9nement embl\u00e9matique du pays bigouden qui c\u00e9l\u00e8bre chaque \u00e9t\u00e9 la riche histoire du jazz, et heureux de contribuer a\u0300 son rayonnement.\u00a0\u00bb<\/em><\/p>\n<p><em><strong><\/strong><\/em><\/p>\n<p>&nbsp;<\/p>\n<p>[\/et_pb_text][\/et_pb_column][\/et_pb_row][et_pb_row _builder_version=\u00a0\u00bb4.17.4&Prime; _module_preset=\u00a0\u00bbdefault\u00a0\u00bb global_colors_info=\u00a0\u00bb{}\u00a0\u00bb][et_pb_column type=\u00a0\u00bb4_4&Prime; _builder_version=\u00a0\u00bb4.17.4&Prime; _module_preset=\u00a0\u00bbdefault\u00a0\u00bb global_colors_info=\u00a0\u00bb{}\u00a0\u00bb][et_pb_text _builder_version=\u00a0\u00bb4.17.4&Prime; _module_preset=\u00a0\u00bbdefault\u00a0\u00bb text_text_color=\u00a0\u00bb#FFFFFF\u00a0\u00bb text_font_size=\u00a0\u00bb20px\u00a0\u00bb global_colors_info=\u00a0\u00bb{}\u00a0\u00bb]<\/p>\n<p>\u00a0Le\u00a0<span style=\"color: #d3458a;\"><strong>Carrefour Market<\/strong><\/span> joue \u00e9galement un r\u00f4le essentiel, en contribuant notamment \u00e0 la vie du bar \u00e9ph\u00e9m\u00e8re, devenu un lieu de rencontre, de partage et de convivialite\u0301 :<\/p>\n<p><em>\u201cQuand Dominique Jeanteur nous a pr\u00e9<\/em><em>sent\u00e9 le projet, nous avons tr\u00e8s vite compris que l\u2019\u00e9quipe \u00e9tait soud\u00e9e autour d\u2019un but simple et fort : faire d\u00e9couvrir le jazz avec une envie de partage et de transmission. Et puis, il y a une dimension qui nous a profond\u00e9ment touch\u00e9e, la Masterclass pour les enfants. Alors nous nous sommes dit : le concept est g\u00e9nial ok&#8230; on les soutient !\u00a0\u00bb<\/em><\/p>\n<p>&nbsp;<\/p>\n<p>La visibilit\u00e9 du festival est aujourd\u2019hui amplifi\u00e9e gr\u00e2ce \u00e0 des relais m\u00e9diatiques solides, notamment Le <span style=\"color: #d3458a;\"><strong>T\u00e9l\u00e9gramme<\/strong><\/span> et <span style=\"color: #d3458a;\"><strong>Ouest-France<\/strong><\/span>, qui participent activement \u00e0 faire conna\u00eetre l\u2019\u00e9v\u00e9nement bien au-del\u00e0 de son territoire d\u2019origine.<\/p>\n<p>Nous pouvons \u00e9galement compter sur des partenaires investis, comme <span style=\"color: #d3458a;\"><strong>Bellocq Paysages<\/strong><\/span>, ainsi que sur l\u2019ensemble des commer\u00e7ants locaux, dont l\u2019engagement depuis les premi\u00e8res \u00e9ditions t\u00e9moigne d\u2019une vraie adh\u00e9sion \u00e0 l\u2019esprit du projet.<\/p>\n<p>&nbsp;<\/p>\n<p>&nbsp;<\/p>\n<p>[\/et_pb_text][\/et_pb_column][\/et_pb_row][et_pb_row column_structure=\u00a0\u00bb1_2,1_2&Prime; _builder_version=\u00a0\u00bb4.17.4&Prime; _module_preset=\u00a0\u00bbdefault\u00a0\u00bb min_height=\u00a0\u00bb179px\u00a0\u00bb custom_margin=\u00a0\u00bb|auto|6px|auto||\u00a0\u00bb custom_padding=\u00a0\u00bb||40px|||\u00a0\u00bb global_colors_info=\u00a0\u00bb{}\u00a0\u00bb][et_pb_column type=\u00a0\u00bb1_2&Prime; _builder_version=\u00a0\u00bb4.17.4&Prime; _module_preset=\u00a0\u00bbdefault\u00a0\u00bb global_colors_info=\u00a0\u00bb{}\u00a0\u00bb][et_pb_text _builder_version=\u00a0\u00bb4.17.4&Prime; _module_preset=\u00a0\u00bbdefault\u00a0\u00bb text_text_color=\u00a0\u00bb#F7DA55&Prime; text_font_size=\u00a0\u00bb33px\u00a0\u00bb custom_padding=\u00a0\u00bb1px||1px|||\u00a0\u00bb global_colors_info=\u00a0\u00bb{}\u00a0\u00bb]<\/p>\n<p><strong>Notre partenaire artistique<\/strong><\/p>\n<p>[\/et_pb_text][et_pb_text _builder_version=\u00a0\u00bb4.17.4&Prime; _module_preset=\u00a0\u00bbdefault\u00a0\u00bb text_text_color=\u00a0\u00bb#F7DA55&Prime; text_font_size=\u00a0\u00bb20px\u00a0\u00bb custom_padding=\u00a0\u00bb1px||1px|||\u00a0\u00bb hover_enabled=\u00a0\u00bb0&Prime; global_colors_info=\u00a0\u00bb{}\u00a0\u00bb sticky_enabled=\u00a0\u00bb0&Prime;]<\/p>\n<p><span style=\"color: #ffffff;\">Le festival Jazz in Loctudy est en partenariat artistique avec Le Bal Blomet, sc\u00e8ne mythique du jazz parisien et le plus ancien club de jazz d\u2019Europe encore en activit\u00e9. Jos\u00e9phine Baker y faisait des apparitions\u00a0<\/span><span style=\"color: #ffffff;\"><span style=\"caret-color: #ffffff;\">r\u00e9guli\u00e8res ainsi que de nombreux artistes de son \u00e9poque.<\/span><\/span><\/p>\n<p>[\/et_pb_text][\/et_pb_column][et_pb_column type=\u00a0\u00bb1_2&Prime; _builder_version=\u00a0\u00bb4.17.4&Prime; _module_preset=\u00a0\u00bbdefault\u00a0\u00bb global_colors_info=\u00a0\u00bb{}\u00a0\u00bb][et_pb_text _builder_version=\u00a0\u00bb4.17.4&Prime; _module_preset=\u00a0\u00bbdefault\u00a0\u00bb global_colors_info=\u00a0\u00bb{}\u00a0\u00bb][\/et_pb_text][\/et_pb_column][\/et_pb_row][\/et_pb_section]<\/p>\n","protected":false},"excerpt":{"rendered":"<p>Les partenaires du festivalLe festival Jazz in Loctudy\u00a0prend aujourd\u2019hui pleinement son envol. Ce qui n\u2019\u00e9tait au de\u0301part qu\u2019une envie partag\u00e9e, est devenu un rendez-vous attendu, port\u00e9 par une \u00e9nergie collective et un v\u00e9ritable ancrage local. Ce d\u00e9veloppement n\u2019aurait pas \u00e9t\u00e9 possible sans le soutien fid\u00e8le de nos partenaires locaux et notre partenaire artistique.Nos partenaires locaux&nbsp; [&hellip;]<\/p>\n","protected":false},"author":1,"featured_media":0,"parent":0,"menu_order":0,"comment_status":"closed","ping_status":"closed","template":"","meta":{"_et_pb_use_builder":"on","_et_pb_old_content":"","_et_gb_content_width":""},"_links":{"self":[{"href":"https:\/\/jazzinloc.com\/index.php\/wp-json\/wp\/v2\/pages\/1368"}],"collection":[{"href":"https:\/\/jazzinloc.com\/index.php\/wp-json\/wp\/v2\/pages"}],"about":[{"href":"https:\/\/jazzinloc.com\/index.php\/wp-json\/wp\/v2\/types\/page"}],"author":[{"embeddable":true,"href":"https:\/\/jazzinloc.com\/index.php\/wp-json\/wp\/v2\/users\/1"}],"replies":[{"embeddable":true,"href":"https:\/\/jazzinloc.com\/index.php\/wp-json\/wp\/v2\/comments?post=1368"}],"version-history":[{"count":8,"href":"https:\/\/jazzinloc.com\/index.php\/wp-json\/wp\/v2\/pages\/1368\/revisions"}],"predecessor-version":[{"id":1391,"href":"https:\/\/jazzinloc.com\/index.php\/wp-json\/wp\/v2\/pages\/1368\/revisions\/1391"}],"wp:attachment":[{"href":"https:\/\/jazzinloc.com\/index.php\/wp-json\/wp\/v2\/media?parent=1368"}],"curies":[{"name":"wp","href":"https:\/\/api.w.org\/{rel}","templated":true}]}}