{"id":1244,"date":"2025-05-15T14:17:36","date_gmt":"2025-05-15T12:17:36","guid":{"rendered":"https:\/\/jazzinloc.com\/?page_id=1244"},"modified":"2025-05-15T16:30:59","modified_gmt":"2025-05-15T14:30:59","slug":"programmation-2025","status":"publish","type":"page","link":"https:\/\/jazzinloc.com\/index.php\/programmation-2025\/","title":{"rendered":"Programmation 2025"},"content":{"rendered":"<p>[et_pb_section fb_built=\u00a0\u00bb1&Prime; _builder_version=\u00a0\u00bb4.17.4&Prime; _module_preset=\u00a0\u00bbdefault\u00a0\u00bb global_colors_info=\u00a0\u00bb{}\u00a0\u00bb][et_pb_row column_structure=\u00a0\u00bb1_2,1_2&Prime; _builder_version=\u00a0\u00bb4.17.4&Prime; _module_preset=\u00a0\u00bbdefault\u00a0\u00bb use_background_color_gradient=\u00a0\u00bbon\u00a0\u00bb background_color_gradient_stops=\u00a0\u00bb#212729 0%|#100d0f 100%\u00a0\u00bb width=\u00a0\u00bb100%\u00a0\u00bb max_width=\u00a0\u00bb2560px\u00a0\u00bb height=\u00a0\u00bb750px\u00a0\u00bb custom_padding=\u00a0\u00bb0px||27px||false|false\u00a0\u00bb global_colors_info=\u00a0\u00bb{}\u00a0\u00bb][et_pb_column type=\u00a0\u00bb1_2&Prime; _builder_version=\u00a0\u00bb4.17.4&Prime; _module_preset=\u00a0\u00bbdefault\u00a0\u00bb global_colors_info=\u00a0\u00bb{}\u00a0\u00bb][et_pb_text _builder_version=\u00a0\u00bb4.17.4&Prime; _module_preset=\u00a0\u00bbdefault\u00a0\u00bb background_image=\u00a0\u00bbhttp:\/\/jazzinloc.com\/wp-content\/uploads\/2025\/05\/jazzinloc-02.jpg\u00a0\u00bb height=\u00a0\u00bb750px\u00a0\u00bb global_colors_info=\u00a0\u00bb{}\u00a0\u00bb][\/et_pb_text][\/et_pb_column][et_pb_column type=\u00a0\u00bb1_2&Prime; _builder_version=\u00a0\u00bb4.17.4&Prime; _module_preset=\u00a0\u00bbdefault\u00a0\u00bb global_colors_info=\u00a0\u00bb{}\u00a0\u00bb][et_pb_text _builder_version=\u00a0\u00bb4.17.4&Prime; _module_preset=\u00a0\u00bbdefault\u00a0\u00bb text_text_color=\u00a0\u00bb#FFFFFF\u00a0\u00bb text_line_height=\u00a0\u00bb1.4em\u00a0\u00bb header_2_text_color=\u00a0\u00bb#F7DA55&Prime; header_3_text_color=\u00a0\u00bb#D3458A\u00a0\u00bb custom_margin=\u00a0\u00bb5%|20%|||false|false\u00a0\u00bb global_colors_info=\u00a0\u00bb{}\u00a0\u00bb]<\/p>\n<h3>Vendredi 8 ao\u00fbt \u00e0 21h<\/h3>\n<h2><span><strong>Rhythm on Fire avec Aur\u00e9lien Lehmann et Pierre-Yves Plat<\/strong><\/span><\/h2>\n<p><span><strong>Lieu<\/strong> : Manoir de Moor Braz, 21 rue du Phare \u00e0 Loctudy<br \/><\/span><span><\/span>Ouvert au public \u00e0 partir de 18h30 pour un ap\u00e9ro jazz et un concert local<\/p>\n<p><span><strong>Parking<\/strong><\/span><\/p>\n<p><span>Voiture : Parking de Langoz derri\u00e8re le CNL, puis le chemin vers le festival sera fl\u00e9ch\u00e9<br \/><\/span><span>V\u00e9los : devant le square Louise Coupa<\/span><span><\/span><span><\/span><span><em><\/em><\/span><\/p>\n<p><span><strong>Tarifs<\/strong><\/span><\/p>\n<p><span>Adulte : 18 \u20ac<br \/><\/span><span>Moins de 25 ans : 10 \u20ac<br \/><\/span><span>Enfant de moins de 12 ans : gratuit<\/span><span><\/span><\/p>\n<p><span>Une billetterie sur place sera disponible, cependant nous recommandons fortement de r\u00e9server votre billet \u00e0 l&rsquo;avance.<\/span><\/p>\n<p>[\/et_pb_text][et_pb_button button_url=\u00a0\u00bbhttps:\/\/jazzinloc.com\/index.php\/billetterie\/\u00a0\u00bb button_text=\u00a0\u00bbR\u00e9server\u00a0\u00bb _builder_version=\u00a0\u00bb4.17.4&Prime; _module_preset=\u00a0\u00bbdefault\u00a0\u00bb custom_button=\u00a0\u00bbon\u00a0\u00bb button_text_color=\u00a0\u00bb#FFFFFF\u00a0\u00bb button_bg_color=\u00a0\u00bb#D3458A\u00a0\u00bb button_border_color=\u00a0\u00bbRGBA(255,255,255,0)\u00a0\u00bb button_border_radius=\u00a0\u00bb10px\u00a0\u00bb button_icon=\u00a0\u00bb&#xf061;||fa||900&Prime; button_icon_color=\u00a0\u00bb#FFFFFF\u00a0\u00bb button_icon_placement=\u00a0\u00bbleft\u00a0\u00bb button_on_hover=\u00a0\u00bboff\u00a0\u00bb global_colors_info=\u00a0\u00bb{}\u00a0\u00bb][\/et_pb_button][\/et_pb_column][\/et_pb_row][et_pb_row column_structure=\u00a0\u00bb1_2,1_2&Prime; _builder_version=\u00a0\u00bb4.17.4&Prime; _module_preset=\u00a0\u00bbdefault\u00a0\u00bb use_background_color_gradient=\u00a0\u00bbon\u00a0\u00bb background_color_gradient_type=\u00a0\u00bbelliptical\u00a0\u00bb background_color_gradient_stops=\u00a0\u00bb#d3458a 0%|#f7da55 100%\u00a0\u00bb width=\u00a0\u00bb100%\u00a0\u00bb max_width=\u00a0\u00bb2560px\u00a0\u00bb height=\u00a0\u00bb750px\u00a0\u00bb custom_padding=\u00a0\u00bb0px||27px||false|false\u00a0\u00bb global_colors_info=\u00a0\u00bb{}\u00a0\u00bb][et_pb_column type=\u00a0\u00bb1_2&Prime; _builder_version=\u00a0\u00bb4.17.4&Prime; _module_preset=\u00a0\u00bbdefault\u00a0\u00bb global_colors_info=\u00a0\u00bb{}\u00a0\u00bb][et_pb_text _builder_version=\u00a0\u00bb4.17.4&Prime; _module_preset=\u00a0\u00bbdefault\u00a0\u00bb background_image=\u00a0\u00bbhttp:\/\/jazzinloc.com\/wp-content\/uploads\/2025\/05\/jazzinloc-03.jpg\u00a0\u00bb height=\u00a0\u00bb750px\u00a0\u00bb global_colors_info=\u00a0\u00bb{}\u00a0\u00bb][\/et_pb_text][\/et_pb_column][et_pb_column type=\u00a0\u00bb1_2&Prime; _builder_version=\u00a0\u00bb4.17.4&Prime; _module_preset=\u00a0\u00bbdefault\u00a0\u00bb global_colors_info=\u00a0\u00bb{}\u00a0\u00bb][et_pb_text _builder_version=\u00a0\u00bb4.17.4&Prime; _module_preset=\u00a0\u00bbdefault\u00a0\u00bb text_text_color=\u00a0\u00bb#FFFFFF\u00a0\u00bb text_line_height=\u00a0\u00bb1.4em\u00a0\u00bb header_2_text_color=\u00a0\u00bb#F7DA55&Prime; header_3_text_color=\u00a0\u00bb#D3458A\u00a0\u00bb custom_margin=\u00a0\u00bb5%|20%|||false|false\u00a0\u00bb global_colors_info=\u00a0\u00bb{}\u00a0\u00bb]<\/p>\n<h3>Samedi 9 ao\u00fbt \u00e0 11h<\/h3>\n<h2><span><strong>Masterclass de claquettes <br \/>pour les enfants anim\u00e9e par Aur\u00e9lien Lehmann<\/strong><\/span><\/h2>\n<p><span><strong>Lieu<\/strong> : Manoir de Moor Braz, 21 rue du Phare \u00e0 Loctudy<br \/><\/span><span><\/span>Ouvert au public \u00e0 partir de 11h<\/p>\n<p><span><strong>Parking<\/strong><\/span><\/p>\n<p><span>Voiture : Parking de Langoz derri\u00e8re le CNL, puis le chemin vers le festival sera fl\u00e9ch\u00e9<br \/><\/span><span>V\u00e9los : devant le square Louise Coupa<\/span><span><\/span><span><\/span><span><em><\/em><\/span><\/p>\n<p><span><strong>Tarifs<\/strong><\/span><\/p>\n<p><span>Enfant : 5\u20ac<\/span><span><\/span><\/p>\n<p><span>Une billetterie sur place sera disponible, cependant nous recommandons fortement de r\u00e9server votre billet \u00e0 l&rsquo;avance.<\/span><\/p>\n<p>[\/et_pb_text][et_pb_button button_url=\u00a0\u00bbhttps:\/\/jazzinloc.com\/index.php\/billetterie\/\u00a0\u00bb button_text=\u00a0\u00bbR\u00e9server\u00a0\u00bb _builder_version=\u00a0\u00bb4.17.4&Prime; _module_preset=\u00a0\u00bbdefault\u00a0\u00bb custom_button=\u00a0\u00bbon\u00a0\u00bb button_text_color=\u00a0\u00bb#D3458A\u00a0\u00bb button_bg_color=\u00a0\u00bb#F7DA55&Prime; button_border_color=\u00a0\u00bbRGBA(255,255,255,0)\u00a0\u00bb button_border_radius=\u00a0\u00bb10px\u00a0\u00bb button_icon=\u00a0\u00bb&#xf061;||fa||900&Prime; button_icon_color=\u00a0\u00bb#D3458A\u00a0\u00bb button_icon_placement=\u00a0\u00bbleft\u00a0\u00bb button_on_hover=\u00a0\u00bboff\u00a0\u00bb global_colors_info=\u00a0\u00bb{}\u00a0\u00bb][\/et_pb_button][\/et_pb_column][\/et_pb_row][\/et_pb_section]<\/p>\n","protected":false},"excerpt":{"rendered":"<p>Vendredi 8 ao\u00fbt \u00e0 21h Rhythm on Fire avec Aur\u00e9lien Lehmann et Pierre-Yves Plat Lieu : Manoir de Moor Braz, 21 rue du Phare \u00e0 LoctudyOuvert au public \u00e0 partir de 18h30 pour un ap\u00e9ro jazz et un concert local Parking Voiture : Parking de Langoz derri\u00e8re le CNL, puis le chemin vers le festival [&hellip;]<\/p>\n","protected":false},"author":1,"featured_media":0,"parent":0,"menu_order":0,"comment_status":"closed","ping_status":"closed","template":"","meta":{"_et_pb_use_builder":"on","_et_pb_old_content":"","_et_gb_content_width":""},"_links":{"self":[{"href":"https:\/\/jazzinloc.com\/index.php\/wp-json\/wp\/v2\/pages\/1244"}],"collection":[{"href":"https:\/\/jazzinloc.com\/index.php\/wp-json\/wp\/v2\/pages"}],"about":[{"href":"https:\/\/jazzinloc.com\/index.php\/wp-json\/wp\/v2\/types\/page"}],"author":[{"embeddable":true,"href":"https:\/\/jazzinloc.com\/index.php\/wp-json\/wp\/v2\/users\/1"}],"replies":[{"embeddable":true,"href":"https:\/\/jazzinloc.com\/index.php\/wp-json\/wp\/v2\/comments?post=1244"}],"version-history":[{"count":9,"href":"https:\/\/jazzinloc.com\/index.php\/wp-json\/wp\/v2\/pages\/1244\/revisions"}],"predecessor-version":[{"id":1300,"href":"https:\/\/jazzinloc.com\/index.php\/wp-json\/wp\/v2\/pages\/1244\/revisions\/1300"}],"wp:attachment":[{"href":"https:\/\/jazzinloc.com\/index.php\/wp-json\/wp\/v2\/media?parent=1244"}],"curies":[{"name":"wp","href":"https:\/\/api.w.org\/{rel}","templated":true}]}}